{"id":3887,"date":"2016-02-19T10:43:54","date_gmt":"2016-02-19T10:43:54","guid":{"rendered":"https:\/\/www.eendracht1.nl\/?page_id=3887"},"modified":"2023-12-13T12:47:58","modified_gmt":"2023-12-13T12:47:58","slug":"seehund-safari","status":"publish","type":"page","link":"https:\/\/www.eendracht1.nl\/de\/seehund-safari\/","title":{"rendered":"Seehund-Safari im Naturreservat Oosterschelde: Entdecken Sie Robben in ihrem nat\u00fcrlichen Lebensraum"},"content":{"rendered":"<div class=\"wp-block-image\">\n<figure class=\"alignright size-large is-resized\"><img loading=\"lazy\" decoding=\"async\" src=\"https:\/\/www.eendracht1.nl\/wp-content\/uploads\/2023\/04\/IMG_20140411_121415-1200x900.jpeg\" alt=\"\" class=\"wp-image-3791\" width=\"300\" height=\"225\" srcset=\"https:\/\/www.eendracht1.nl\/wp-content\/uploads\/2023\/04\/IMG_20140411_121415-1200x900.jpeg 1200w, https:\/\/www.eendracht1.nl\/wp-content\/uploads\/2023\/04\/IMG_20140411_121415-300x225.jpeg 300w, https:\/\/www.eendracht1.nl\/wp-content\/uploads\/2023\/04\/IMG_20140411_121415-768x576.jpeg 768w, https:\/\/www.eendracht1.nl\/wp-content\/uploads\/2023\/04\/IMG_20140411_121415-1536x1152.jpeg 1536w, https:\/\/www.eendracht1.nl\/wp-content\/uploads\/2023\/04\/IMG_20140411_121415-2048x1536.jpeg 2048w\" sizes=\"(max-width: 300px) 100vw, 300px\" \/><\/figure><\/div>\n\n\n<p>Wenn Sie nach einem einzigartigen Abenteuer in der Natur suchen, ist eine Seehund-Safari im Naturreservat Oosterschelde absolut empfehlenswert. Diese atemberaubende Bootsfahrt startet vom malerischen Bruinisse aus und entf\u00fchrt Sie auf eine Entdeckungsreise durch eines der sch\u00f6nsten Naturschutzgebiete der Niederlande. W\u00e4hrend der Safari k\u00f6nnen Sie die wundersch\u00f6ne Umgebung, die niedlichen Seehunde und viele weitere H\u00f6hepunkte genie\u00dfen. Egal, ob das Wetter gut ist oder nicht, an Bord gibt es immer viel zu erleben, von komfortablen Innenr\u00e4umen bis hin zu k\u00f6stlichen Speisen und Getr\u00e4nken. Lesen Sie weiter und erfahren Sie, warum eine Seehund-Safari in der Oosterschelde ein unvergessliches Erlebnis ist.<\/p>\n\n\n\n<div class=\"booking_button_wrap\">\n\t\t<a class=\"booking_button\" target=\"_blank\" href=\"https:\/\/book.eendracht1.nl\/de\/order-item\/5ec2af4030d24\" class=\"testimonial-text\">Buche online <span class=\"arrow\"><\/span><\/a>\n\t<\/div>\n\n\n\n<h2 class=\"wp-block-heading\">Seehunde in ihrer nat\u00fcrlichen Umgebung beobachten<\/h2>\n\n\n\n<p>Eines der absoluten Highlights der Seehund-Safari ist nat\u00fcrlich das Beobachten von Seehunden in ihrer nat\u00fcrlichen Umgebung. Die Oosterschelde ist die Heimat einer gro\u00dfen Population von Seehunden, und w\u00e4hrend der Bootsfahrt haben Sie die M\u00f6glichkeit, sie aus n\u00e4chster N\u00e4he zu sehen. W\u00e4hrend das Boot langsam entlang von Muschelb\u00e4nken und tiefen Str\u00f6mungsgr\u00e4ben f\u00e4hrt, werden Sie von den neugierigen Blicken dieser niedlichen Tiere begeistert sein. Es ist eine einzigartige Erfahrung, sie beim Schwimmen, Spielen und Ausruhen auf den Sandb\u00e4nken zu beobachten. Vergessen Sie also nicht Ihre Kamera, um diesen besonderen Moment festzuhalten.<\/p>\n\n\n\n<h2 class=\"wp-block-heading\">Atemberaubende Aussichten und wundersch\u00f6ne Landschaften<\/h2>\n\n\n<div class=\"wp-block-image\">\n<figure class=\"alignleft size-full\"><img loading=\"lazy\" decoding=\"async\" width=\"300\" height=\"225\" src=\"https:\/\/www.eendracht1.nl\/wp-content\/uploads\/2023\/04\/S8300689-300x225-1.jpeg\" alt=\"\" class=\"wp-image-3792\"\/><\/figure><\/div>\n\n\n<p>W\u00e4hrend der Seehund-Safari werden Sie mit atemberaubenden Aussichten und wundersch\u00f6nen Landschaften verw\u00f6hnt. Das Boot f\u00e4hrt unter anderem \u00fcber die ikonische Zeelandbrug, eine imposante Br\u00fccke, die die Inseln Schouwen-Duiveland und Noord-Beveland miteinander verbindet. Vom Boot aus haben Sie einen spektakul\u00e4ren Blick auf diese beeindruckende Konstruktion und die weiten Gew\u00e4sser der Oosterschelde. Es ist eine perfekte Gelegenheit, die Ruhe und Stille der Natur zu genie\u00dfen, w\u00e4hrend Sie die wundersch\u00f6ne Umgebung bestaunen.<\/p>\n\n\n\n<h2 class=\"wp-block-heading\">Komfortabler Genuss bei schlechtem Wetter<\/h2>\n\n\n\n<p>Die Seehund-Safari in der Oosterschelde bietet auch komfortable Innenr\u00e4ume, damit Sie bei schlechtem Wetter dennoch die Fahrt genie\u00dfen k\u00f6nnen. Die Boote sind mit ger\u00e4umigen Kabinen ausgestattet, in denen Sie sich entspannen und die Aussicht genie\u00dfen k\u00f6nnen, w\u00e4hrend Sie vor Regen und Wind gesch\u00fctzt sind. Sie m\u00fcssen sich also keine Sorgen um das Wetter machen und k\u00f6nnen in aller Bequemlichkeit die wundersch\u00f6ne Umgebung und die Tierwelt genie\u00dfen. Es ist die perfekte M\u00f6glichkeit, einen regnerischen Tag in ein unvergessliches Naturerlebnis zu verwandeln.<\/p>\n\n\n\n<h2 class=\"wp-block-heading\">K\u00f6stliches Essen und Trinken an Bord<\/h2>\n\n\n\n<p>W\u00e4hrend der Seehund-Safari werden Sie auch mit k\u00f6stlichem Essen und Trinken an Bord verw\u00f6hnt. W\u00e4hrend Sie die wundersch\u00f6ne Landschaft und die faszinierenden Tiere genie\u00dfen, k\u00f6nnen Sie sich mit leckeren Mahlzeiten und erfrischenden Getr\u00e4nken verw\u00f6hnen lassen. Von frisch zubereiteten Snacks bis hin Pommes-Frites-Gerichte ist f\u00fcr jeden Geschmack etwas dabei. Lassen Sie Ihre Geschmacksnerven verw\u00f6hnen, w\u00e4hrend Sie die nat\u00fcrliche Sch\u00f6nheit um Sie herum bewundern. Es ist eine perfekte Kombination aus Abenteuer und leckeres Essen.<\/p>\n\n\n\n<p>Die Seehund-Safari im Naturreservat Oosterschelde ist ein unvergessliches Erlebnis f\u00fcr Jung und Alt. Mit Abfahrt vom malerischen Bruinisse, wo Sie bereits die charmante Umgebung genie\u00dfen k\u00f6nnen, f\u00fchrt Sie das Boot entlang der wundersch\u00f6nen Zeelandbrug. Dort k\u00f6nnen Sie atemberaubende Aussichten und wundersch\u00f6ne Landschaften genie\u00dfen. Zusammen mit der M\u00f6glichkeit, Seehunde zu beobachten, komfortabel bei schlechtem Wetter zu entspannen und k\u00f6stliches Essen und Trinken an Bord zu genie\u00dfen, haben Sie die perfekte Kombination f\u00fcr einen fantastischen Tag in der Natur. Verpassen Sie diese einzigartige Gelegenheit nicht und buchen Sie jetzt Ihre Seehund-Safari in der Oosterschelde!<\/p>\n\n\n\n<div class=\"booking_button_wrap\">\n\t\t<a class=\"booking_button\" target=\"_blank\" href=\"https:\/\/book.eendracht1.nl\/de\/order-item\/5ec2af4030d24\" class=\"testimonial-text\">Buche online <span class=\"arrow\"><\/span><\/a>\n\t<\/div>\n","protected":false},"excerpt":{"rendered":"<p>Wenn Sie nach einem einzigartigen Abenteuer in der Natur suchen, ist eine Seehund-Safari im Naturreservat Oosterschelde absolut empfehlenswert. Diese atemberaubende Bootsfahrt startet vom malerischen Bruinisse aus und entf\u00fchrt Sie auf eine Entdeckungsreise durch eines der sch\u00f6nsten Naturschutzgebiete der Niederlande. W\u00e4hrend der Safari k\u00f6nnen Sie die wundersch\u00f6ne Umgebung, die niedlichen Seehunde und viele weitere H\u00f6hepunkte genie\u00dfen. Egal, ob das Wetter gut ist oder nicht, an Bord gibt es immer viel zu erleben, von komfortablen Innenr\u00e4umen bis hin zu k\u00f6stlichen Speisen und Getr\u00e4nken. Lesen Sie weiter und erfahren Sie, warum eine Seehund-Safari&nbsp;<a href=\"https:\/\/www.eendracht1.nl\/de\/seehund-safari\/\" class=\"read-more\">Continue Reading<\/a><\/p>\n","protected":false},"author":1,"featured_media":0,"parent":0,"menu_order":0,"comment_status":"closed","ping_status":"open","template":"","meta":{"inline_featured_image":false,"footnotes":""},"acf":[],"aioseo_notices":[],"_links":{"self":[{"href":"https:\/\/www.eendracht1.nl\/de\/wp-json\/wp\/v2\/pages\/3887"}],"collection":[{"href":"https:\/\/www.eendracht1.nl\/de\/wp-json\/wp\/v2\/pages"}],"about":[{"href":"https:\/\/www.eendracht1.nl\/de\/wp-json\/wp\/v2\/types\/page"}],"author":[{"embeddable":true,"href":"https:\/\/www.eendracht1.nl\/de\/wp-json\/wp\/v2\/users\/1"}],"replies":[{"embeddable":true,"href":"https:\/\/www.eendracht1.nl\/de\/wp-json\/wp\/v2\/comments?post=3887"}],"version-history":[{"count":6,"href":"https:\/\/www.eendracht1.nl\/de\/wp-json\/wp\/v2\/pages\/3887\/revisions"}],"predecessor-version":[{"id":4120,"href":"https:\/\/www.eendracht1.nl\/de\/wp-json\/wp\/v2\/pages\/3887\/revisions\/4120"}],"wp:attachment":[{"href":"https:\/\/www.eendracht1.nl\/de\/wp-json\/wp\/v2\/media?parent=3887"}],"curies":[{"name":"wp","href":"https:\/\/api.w.org\/{rel}","templated":true}]}}